{"id":2,"date":"2011-12-02T09:12:20","date_gmt":"2011-12-02T09:12:20","guid":{"rendered":"http:\/\/www.vdsm.net\/wronline\/?page_id=2"},"modified":"2022-10-14T11:12:01","modified_gmt":"2022-10-14T09:12:01","slug":"beispiel-seite","status":"publish","type":"page","link":"https:\/\/www.vdsm.net\/wronline\/beispiel-seite\/","title":{"rendered":"Impressum"},"content":{"rendered":"<p>\u201eWirtschaft regional Online&#8220; ist eine\u00a0Publikation der Unternehmerschaft Siegen-Wittgenstein, des Verbandes der Siegerl\u00e4nder Metallindustriellen e.V. und des Arbeitgeberverbandes f\u00fcr den Kreis Olpe e.V.<\/p>\n<p><strong>Verantwortlich f\u00fcr den Inhalt:<\/strong><\/p>\n<p>RA\u00a0Dr. Thorsten Doublet<br \/>\nSpandauer Stra\u00dfe 25<br \/>\n57072 Siegen<\/p>\n<p><strong>Redaktion:<\/strong><\/p>\n<p>Julia F\u00f6rster M.A.<br \/>\nJan Krumnow<\/p>\n<p><strong>Redaktionsanschrift:<\/strong><\/p>\n<p>Unternehmerschaft Siegen-Wittgenstein<br \/>\nPostfach 10 10 62<br \/>\n57010 Siegen<br \/>\nTel. : (0271) 23 04 30<br \/>\nFax : (0271) 2 31 69 48<br \/>\n<a href=\"mailto:vdsm@arbeitgeberverbaende.de\">E-Mail: vdsm@arbeitgeberverbaende.de<\/a><br \/>\n<a href=\"http:\/\/www.arbeitgeberverbaende.de\/\" target=\"_blank\" rel=\"noopener\">Internet: http:\/\/www.arbeitgeberverbaende.de<\/a><\/p>\n<p>&nbsp;<\/p>\n","protected":false},"excerpt":{"rendered":"<p>\u201eWirtschaft regional Online&#8220; ist eine\u00a0Publikation der Unternehmerschaft Siegen-Wittgenstein, des Verbandes der Siegerl\u00e4nder Metallindustriellen e.V. und des Arbeitgeberverbandes f\u00fcr den Kreis Olpe e.V. Verantwortlich f\u00fcr den&#8230;<\/p>\n","protected":false},"author":2,"featured_media":0,"parent":0,"menu_order":2,"comment_status":"open","ping_status":"open","template":"","meta":{"footnotes":""},"class_list":["post-2","page","type-page","status-publish","hentry"],"jetpack_sharing_enabled":true,"_links":{"self":[{"href":"https:\/\/www.vdsm.net\/wronline\/wp-json\/wp\/v2\/pages\/2","targetHints":{"allow":["GET"]}}],"collection":[{"href":"https:\/\/www.vdsm.net\/wronline\/wp-json\/wp\/v2\/pages"}],"about":[{"href":"https:\/\/www.vdsm.net\/wronline\/wp-json\/wp\/v2\/types\/page"}],"author":[{"embeddable":true,"href":"https:\/\/www.vdsm.net\/wronline\/wp-json\/wp\/v2\/users\/2"}],"replies":[{"embeddable":true,"href":"https:\/\/www.vdsm.net\/wronline\/wp-json\/wp\/v2\/comments?post=2"}],"version-history":[{"count":19,"href":"https:\/\/www.vdsm.net\/wronline\/wp-json\/wp\/v2\/pages\/2\/revisions"}],"predecessor-version":[{"id":29691,"href":"https:\/\/www.vdsm.net\/wronline\/wp-json\/wp\/v2\/pages\/2\/revisions\/29691"}],"wp:attachment":[{"href":"https:\/\/www.vdsm.net\/wronline\/wp-json\/wp\/v2\/media?parent=2"}],"curies":[{"name":"wp","href":"https:\/\/api.w.org\/{rel}","templated":true}]}}